{"id":4638,"date":"2025-05-12T08:48:20","date_gmt":"2025-05-12T08:48:20","guid":{"rendered":"https:\/\/seovillage.com\/?page_id=4638"},"modified":"2026-04-15T15:31:25","modified_gmt":"2026-04-15T15:31:25","slug":"sakums","status":"publish","type":"page","link":"https:\/\/seovillage.com\/lv\/","title":{"rendered":"S\u0101kums"},"content":{"rendered":"","protected":false},"excerpt":{"rendered":"","protected":false},"author":1,"featured_media":0,"parent":0,"menu_order":0,"comment_status":"closed","ping_status":"closed","template":"front-page.php","meta":{"_acf_changed":false,"footnotes":""},"class_list":["post-4638","page","type-page","status-publish","hentry"],"acf":[],"yoast_head":"<!-- This site is optimized with the Yoast SEO plugin v26.9 - https:\/\/yoast.com\/product\/yoast-seo-wordpress\/ -->\n<title>SeoVillage k\u016brorts un SPA Latvij\u0101<\/title>\n<meta name=\"description\" content=\"SeoVillage k\u016brorts un SPA \u2014 boutique k\u016brorts un spa Latvij\u0101. Priv\u0101tas br\u012bvdienu villas, izsmalcin\u0101ts restor\u0101ns, SPA un labsaj\u016btas retr\u012bts. K\u016brorts un SPA, br\u012bvdienu m\u0101jas, Latvija.\" \/>\n<meta name=\"robots\" content=\"index, follow, max-snippet:-1, max-image-preview:large, max-video-preview:-1\" \/>\n<link rel=\"canonical\" href=\"https:\/\/seovillage.com\/lv\/\" \/>\n<meta property=\"og:locale\" content=\"lv_LV\" \/>\n<meta property=\"og:type\" content=\"article\" \/>\n<meta property=\"og:title\" content=\"SeoVillage k\u016brorts un SPA Latvij\u0101\" \/>\n<meta property=\"og:description\" content=\"SeoVillage k\u016brorts un SPA \u2014 boutique k\u016brorts un spa Latvij\u0101. Priv\u0101tas br\u012bvdienu villas, izsmalcin\u0101ts restor\u0101ns, SPA un labsaj\u016btas retr\u012bts. K\u016brorts un SPA, br\u012bvdienu m\u0101jas, Latvija.\" \/>\n<meta property=\"og:url\" content=\"https:\/\/seovillage.com\/lv\/\" \/>\n<meta property=\"og:site_name\" content=\"SeoVillage\" \/>\n<meta property=\"article:modified_time\" content=\"2026-04-15T15:31:25+00:00\" \/>\n<meta name=\"twitter:card\" content=\"summary_large_image\" \/>\n<script type=\"application\/ld+json\" class=\"yoast-schema-graph\">{\"@context\":\"https:\/\/schema.org\",\"@graph\":[{\"@type\":\"WebPage\",\"@id\":\"https:\/\/seovillage.com\/lv\/\",\"url\":\"https:\/\/seovillage.com\/lv\/\",\"name\":\"SeoVillage k\u016brorts un SPA Latvij\u0101\",\"isPartOf\":{\"@id\":\"https:\/\/seovillage.com\/#website\"},\"datePublished\":\"2025-05-12T08:48:20+00:00\",\"dateModified\":\"2026-04-15T15:31:25+00:00\",\"description\":\"SeoVillage k\u016brorts un SPA \u2014 boutique k\u016brorts un spa Latvij\u0101. Priv\u0101tas br\u012bvdienu villas, izsmalcin\u0101ts restor\u0101ns, SPA un labsaj\u016btas retr\u012bts. K\u016brorts un SPA, br\u012bvdienu m\u0101jas, Latvija.\",\"breadcrumb\":{\"@id\":\"https:\/\/seovillage.com\/lv\/#breadcrumb\"},\"inLanguage\":\"lv-LV\",\"potentialAction\":[{\"@type\":\"ReadAction\",\"target\":[\"https:\/\/seovillage.com\/lv\/\"]}]},{\"@type\":\"BreadcrumbList\",\"@id\":\"https:\/\/seovillage.com\/lv\/#breadcrumb\",\"itemListElement\":[{\"@type\":\"ListItem\",\"position\":1,\"name\":\"Home\",\"item\":\"https:\/\/seovillage.com\/lv\/\"},{\"@type\":\"ListItem\",\"position\":2,\"name\":\"S\u0101kums\"}]},{\"@type\":\"WebSite\",\"@id\":\"https:\/\/seovillage.com\/#website\",\"url\":\"https:\/\/seovillage.com\/\",\"name\":\"SeoVillage\",\"description\":\"\",\"publisher\":{\"@id\":\"https:\/\/seovillage.com\/#organization\"},\"potentialAction\":[{\"@type\":\"SearchAction\",\"target\":{\"@type\":\"EntryPoint\",\"urlTemplate\":\"https:\/\/seovillage.com\/?s={search_term_string}\"},\"query-input\":{\"@type\":\"PropertyValueSpecification\",\"valueRequired\":true,\"valueName\":\"search_term_string\"}}],\"inLanguage\":\"lv-LV\"},{\"@type\":\"Organization\",\"@id\":\"https:\/\/seovillage.com\/#organization\",\"name\":\"SeoVillage\",\"url\":\"https:\/\/seovillage.com\/\",\"logo\":{\"@type\":\"ImageObject\",\"inLanguage\":\"lv-LV\",\"@id\":\"https:\/\/seovillage.com\/#\/schema\/logo\/image\/\",\"url\":\"https:\/\/seovillage.com\/wp-content\/uploads\/2025\/12\/logo.svg\",\"contentUrl\":\"https:\/\/seovillage.com\/wp-content\/uploads\/2025\/12\/logo.svg\",\"width\":175,\"height\":40,\"caption\":\"SeoVillage\"},\"image\":{\"@id\":\"https:\/\/seovillage.com\/#\/schema\/logo\/image\/\"}}]}<\/script>\n<!-- \/ Yoast SEO plugin. -->","yoast_head_json":{"title":"SeoVillage k\u016brorts un SPA Latvij\u0101","description":"SeoVillage k\u016brorts un SPA \u2014 boutique k\u016brorts un spa Latvij\u0101. Priv\u0101tas br\u012bvdienu villas, izsmalcin\u0101ts restor\u0101ns, SPA un labsaj\u016btas retr\u012bts. K\u016brorts un SPA, br\u012bvdienu m\u0101jas, Latvija.","robots":{"index":"index","follow":"follow","max-snippet":"max-snippet:-1","max-image-preview":"max-image-preview:large","max-video-preview":"max-video-preview:-1"},"canonical":"https:\/\/seovillage.com\/lv\/","og_locale":"lv_LV","og_type":"article","og_title":"SeoVillage k\u016brorts un SPA Latvij\u0101","og_description":"SeoVillage k\u016brorts un SPA \u2014 boutique k\u016brorts un spa Latvij\u0101. Priv\u0101tas br\u012bvdienu villas, izsmalcin\u0101ts restor\u0101ns, SPA un labsaj\u016btas retr\u012bts. K\u016brorts un SPA, br\u012bvdienu m\u0101jas, Latvija.","og_url":"https:\/\/seovillage.com\/lv\/","og_site_name":"SeoVillage","article_modified_time":"2026-04-15T15:31:25+00:00","twitter_card":"summary_large_image","schema":{"@context":"https:\/\/schema.org","@graph":[{"@type":"WebPage","@id":"https:\/\/seovillage.com\/lv\/","url":"https:\/\/seovillage.com\/lv\/","name":"SeoVillage k\u016brorts un SPA Latvij\u0101","isPartOf":{"@id":"https:\/\/seovillage.com\/#website"},"datePublished":"2025-05-12T08:48:20+00:00","dateModified":"2026-04-15T15:31:25+00:00","description":"SeoVillage k\u016brorts un SPA \u2014 boutique k\u016brorts un spa Latvij\u0101. Priv\u0101tas br\u012bvdienu villas, izsmalcin\u0101ts restor\u0101ns, SPA un labsaj\u016btas retr\u012bts. K\u016brorts un SPA, br\u012bvdienu m\u0101jas, Latvija.","breadcrumb":{"@id":"https:\/\/seovillage.com\/lv\/#breadcrumb"},"inLanguage":"lv-LV","potentialAction":[{"@type":"ReadAction","target":["https:\/\/seovillage.com\/lv\/"]}]},{"@type":"BreadcrumbList","@id":"https:\/\/seovillage.com\/lv\/#breadcrumb","itemListElement":[{"@type":"ListItem","position":1,"name":"Home","item":"https:\/\/seovillage.com\/lv\/"},{"@type":"ListItem","position":2,"name":"S\u0101kums"}]},{"@type":"WebSite","@id":"https:\/\/seovillage.com\/#website","url":"https:\/\/seovillage.com\/","name":"SeoVillage","description":"","publisher":{"@id":"https:\/\/seovillage.com\/#organization"},"potentialAction":[{"@type":"SearchAction","target":{"@type":"EntryPoint","urlTemplate":"https:\/\/seovillage.com\/?s={search_term_string}"},"query-input":{"@type":"PropertyValueSpecification","valueRequired":true,"valueName":"search_term_string"}}],"inLanguage":"lv-LV"},{"@type":"Organization","@id":"https:\/\/seovillage.com\/#organization","name":"SeoVillage","url":"https:\/\/seovillage.com\/","logo":{"@type":"ImageObject","inLanguage":"lv-LV","@id":"https:\/\/seovillage.com\/#\/schema\/logo\/image\/","url":"https:\/\/seovillage.com\/wp-content\/uploads\/2025\/12\/logo.svg","contentUrl":"https:\/\/seovillage.com\/wp-content\/uploads\/2025\/12\/logo.svg","width":175,"height":40,"caption":"SeoVillage"},"image":{"@id":"https:\/\/seovillage.com\/#\/schema\/logo\/image\/"}}]}},"_links":{"self":[{"href":"https:\/\/seovillage.com\/lv\/wp-json\/wp\/v2\/pages\/4638","targetHints":{"allow":["GET"]}}],"collection":[{"href":"https:\/\/seovillage.com\/lv\/wp-json\/wp\/v2\/pages"}],"about":[{"href":"https:\/\/seovillage.com\/lv\/wp-json\/wp\/v2\/types\/page"}],"author":[{"embeddable":true,"href":"https:\/\/seovillage.com\/lv\/wp-json\/wp\/v2\/users\/1"}],"replies":[{"embeddable":true,"href":"https:\/\/seovillage.com\/lv\/wp-json\/wp\/v2\/comments?post=4638"}],"version-history":[{"count":7,"href":"https:\/\/seovillage.com\/lv\/wp-json\/wp\/v2\/pages\/4638\/revisions"}],"predecessor-version":[{"id":5687,"href":"https:\/\/seovillage.com\/lv\/wp-json\/wp\/v2\/pages\/4638\/revisions\/5687"}],"wp:attachment":[{"href":"https:\/\/seovillage.com\/lv\/wp-json\/wp\/v2\/media?parent=4638"}],"curies":[{"name":"wp","href":"https:\/\/api.w.org\/{rel}","templated":true}]}}